{"id":61,"date":"2020-01-23T18:21:52","date_gmt":"2020-01-23T18:21:52","guid":{"rendered":"http:\/\/externatofernandopessoa.pt\/?page_id=61"},"modified":"2023-11-21T17:21:48","modified_gmt":"2023-11-21T17:21:48","slug":"projeto-externato-fernando-pessoa","status":"publish","type":"page","link":"https:\/\/externatofernandopessoa.pt\/en\/projeto-externato-fernando-pessoa\/","title":{"rendered":"O nosso projeto"},"content":{"rendered":"<div id=\"wp-block-themeisle-blocks-advanced-columns-430c89c3\" class=\"wp-block-themeisle-blocks-advanced-columns alignfull has-2-columns has-desktop-equal-layout has-tablet-equal-layout has-mobile-collapsedRows-layout has-vertical-center has-light-bg\"><div class=\"wp-block-themeisle-blocks-advanced-columns-overlay\"><\/div><div class=\"innerblocks-wrap\">\n<div id=\"wp-block-themeisle-blocks-advanced-column-3793cfaf\" class=\"wp-block-themeisle-blocks-advanced-column has-light-bg\">\n<div class=\"wp-block-themeisle-blocks-service\">\n<h1 id=\"wp-block-themeisle-blocks-advanced-heading-40be5244\" class=\"wp-block-themeisle-blocks-advanced-heading wp-block-themeisle-blocks-advanced-heading-40be5244\">O que nos diferencia<\/h1>\n<\/div>\n<\/div>\n\n\n\n<div id=\"wp-block-themeisle-blocks-advanced-column-c88a85ad\" class=\"wp-block-themeisle-blocks-advanced-column\"><\/div>\n<\/div><\/div>\n\n\n\n<div id=\"wp-block-themeisle-blocks-advanced-columns-00a8bc3d\" class=\"wp-block-themeisle-blocks-advanced-columns alignfull has-2-columns has-desktop-equal-layout has-tablet-equal-layout has-mobile-collapsedRows-layout has-vertical-center has-light-bg\"><div class=\"wp-block-themeisle-blocks-advanced-columns-overlay\"><\/div><div class=\"innerblocks-wrap\">\n<div id=\"wp-block-themeisle-blocks-advanced-column-a940b3ff\" class=\"wp-block-themeisle-blocks-advanced-column\">\n<figure class=\"wp-block-image size-large is-style-default\"><img loading=\"lazy\" decoding=\"async\" width=\"1024\" height=\"989\" src=\"http:\/\/externatofernandopessoa.pt\/wp-content\/uploads\/2023\/10\/child-smiling-with-hands-full-paint-1024x989.jpg\" alt=\"\" class=\"wp-image-293\" srcset=\"https:\/\/externatofernandopessoa.pt\/wp-content\/uploads\/2023\/10\/child-smiling-with-hands-full-paint-1024x989.jpg 1024w, https:\/\/externatofernandopessoa.pt\/wp-content\/uploads\/2023\/10\/child-smiling-with-hands-full-paint-300x290.jpg 300w, https:\/\/externatofernandopessoa.pt\/wp-content\/uploads\/2023\/10\/child-smiling-with-hands-full-paint-768x741.jpg 768w, https:\/\/externatofernandopessoa.pt\/wp-content\/uploads\/2023\/10\/child-smiling-with-hands-full-paint-1536x1483.jpg 1536w, https:\/\/externatofernandopessoa.pt\/wp-content\/uploads\/2023\/10\/child-smiling-with-hands-full-paint-2048x1977.jpg 2048w, https:\/\/externatofernandopessoa.pt\/wp-content\/uploads\/2023\/10\/child-smiling-with-hands-full-paint-12x12.jpg 12w\" sizes=\"auto, (max-width: 1024px) 100vw, 1024px\" \/><\/figure>\n<\/div>\n\n\n\n<div id=\"wp-block-themeisle-blocks-advanced-column-ae52a6c0\" class=\"wp-block-themeisle-blocks-advanced-column ticss-44eccd86\">\n<h2 class=\"wp-block-heading\">Acompanhe o crescimento do seu filho num ambiente saud\u00e1vel e integrado.<\/h2>\n\n\n\n<p>D\u00ea ao seu filho o melhor come\u00e7o de vida com o Externato Fernando Pessoa. <\/p>\n\n\n\n<p>A nossa creche e jardim de inf\u00e2ncia proporcionam um ambiente seguro e acolhedor baseado na Pedagogia Montessori. O nosso objetivo \u00e9 criar um espa\u00e7o saud\u00e1vel e integrado onde o seu filho possa crescer, aprender e prosperar.<\/p>\n<\/div>\n<\/div><\/div>\n\n\n\n<div id=\"wp-block-themeisle-blocks-advanced-columns-19667836\" class=\"wp-block-themeisle-blocks-advanced-columns alignfull has-2-columns has-desktop-equal-layout has-tablet-equal-layout has-mobile-collapsedRows-layout has-vertical-center has-light-bg\"><div class=\"wp-block-themeisle-blocks-advanced-columns-overlay\"><\/div><div class=\"innerblocks-wrap\">\n<div id=\"wp-block-themeisle-blocks-advanced-column-395faa6c\" class=\"wp-block-themeisle-blocks-advanced-column\">\n<h2 class=\"wp-block-heading has-white-color has-text-color\">Confie a educa\u00e7\u00e3o do seu filho aos melhores profissionais.<\/h2>\n\n\n\n<p class=\"has-white-color has-text-color\">Quando se trata da educa\u00e7\u00e3o do seu filho, a confian\u00e7a \u00e9 tudo. O Externato Fernando Pessoa faz parte do conceituado Grupo DDL Educa\u00e7\u00e3o, conhecido pelos seus padr\u00f5es educativos excepcionais e pelo seu empenho em educar as mentes jovens. D\u00ea ao seu filho o melhor come\u00e7o de vida connosco.<\/p>\n<\/div>\n\n\n\n<div id=\"wp-block-themeisle-blocks-advanced-column-b0e6fcc9\" class=\"wp-block-themeisle-blocks-advanced-column\">\n<figure class=\"wp-block-image size-large is-style-default\"><img loading=\"lazy\" decoding=\"async\" width=\"1024\" height=\"683\" src=\"http:\/\/externatofernandopessoa.pt\/wp-content\/uploads\/2023\/10\/kid-playing-with-colorful-wooden-abacus-1024x683.jpg\" alt=\"\" class=\"wp-image-292\" srcset=\"https:\/\/externatofernandopessoa.pt\/wp-content\/uploads\/2023\/10\/kid-playing-with-colorful-wooden-abacus-1024x683.jpg 1024w, https:\/\/externatofernandopessoa.pt\/wp-content\/uploads\/2023\/10\/kid-playing-with-colorful-wooden-abacus-300x200.jpg 300w, https:\/\/externatofernandopessoa.pt\/wp-content\/uploads\/2023\/10\/kid-playing-with-colorful-wooden-abacus-768x512.jpg 768w, https:\/\/externatofernandopessoa.pt\/wp-content\/uploads\/2023\/10\/kid-playing-with-colorful-wooden-abacus-1536x1024.jpg 1536w, https:\/\/externatofernandopessoa.pt\/wp-content\/uploads\/2023\/10\/kid-playing-with-colorful-wooden-abacus-2048x1365.jpg 2048w, https:\/\/externatofernandopessoa.pt\/wp-content\/uploads\/2023\/10\/kid-playing-with-colorful-wooden-abacus-18x12.jpg 18w\" sizes=\"auto, (max-width: 1024px) 100vw, 1024px\" \/><\/figure>\n<\/div>\n<\/div><\/div>\n\n\n\n<div class=\"wp-block-columns is-layout-flex wp-container-core-columns-is-layout-9d6595d7 wp-block-columns-is-layout-flex\">\n<div class=\"wp-block-column is-layout-flow wp-block-column-is-layout-flow\"><\/div>\n<\/div>","protected":false},"excerpt":{"rendered":"","protected":false},"author":1,"featured_media":0,"parent":0,"menu_order":0,"comment_status":"closed","ping_status":"closed","template":"","meta":{"om_disable_all_campaigns":false,"_monsterinsights_skip_tracking":false,"_monsterinsights_sitenote_active":false,"_monsterinsights_sitenote_note":"","_monsterinsights_sitenote_category":0,"_themeisle_gutenberg_block_has_review":false,"footnotes":""},"class_list":["post-61","page","type-page","status-publish","hentry"],"aioseo_notices":[],"_links":{"self":[{"href":"https:\/\/externatofernandopessoa.pt\/en\/wp-json\/wp\/v2\/pages\/61","targetHints":{"allow":["GET"]}}],"collection":[{"href":"https:\/\/externatofernandopessoa.pt\/en\/wp-json\/wp\/v2\/pages"}],"about":[{"href":"https:\/\/externatofernandopessoa.pt\/en\/wp-json\/wp\/v2\/types\/page"}],"author":[{"embeddable":true,"href":"https:\/\/externatofernandopessoa.pt\/en\/wp-json\/wp\/v2\/users\/1"}],"replies":[{"embeddable":true,"href":"https:\/\/externatofernandopessoa.pt\/en\/wp-json\/wp\/v2\/comments?post=61"}],"version-history":[{"count":4,"href":"https:\/\/externatofernandopessoa.pt\/en\/wp-json\/wp\/v2\/pages\/61\/revisions"}],"predecessor-version":[{"id":299,"href":"https:\/\/externatofernandopessoa.pt\/en\/wp-json\/wp\/v2\/pages\/61\/revisions\/299"}],"wp:attachment":[{"href":"https:\/\/externatofernandopessoa.pt\/en\/wp-json\/wp\/v2\/media?parent=61"}],"curies":[{"name":"wp","href":"https:\/\/api.w.org\/{rel}","templated":true}]}}